{"id":1002,"date":"2024-09-11T18:11:48","date_gmt":"2024-09-11T18:11:48","guid":{"rendered":"https:\/\/dezman.si\/?page_id=1002"},"modified":"2024-09-11T21:39:48","modified_gmt":"2024-09-11T21:39:48","slug":"elementor-1002","status":"publish","type":"page","link":"https:\/\/dezman.si\/?page_id=1002","title":{"rendered":"ISO 9001"},"content":{"rendered":"\t\t<div data-elementor-type=\"wp-page\" data-elementor-id=\"1002\" class=\"elementor elementor-1002\">\n\t\t\t\t<div class=\"elementor-element elementor-element-6677089 e-flex e-con-boxed e-con e-parent\" data-id=\"6677089\" data-element_type=\"container\">\n\t\t\t\t\t<div class=\"e-con-inner\">\n\t\t\t\t<div class=\"elementor-element elementor-element-75e40f8 elementor-widget elementor-widget-envo-extra-heading\" data-id=\"75e40f8\" data-element_type=\"widget\" data-widget_type=\"envo-extra-heading.default\">\n\t\t\t\t<div class=\"elementor-widget-container\">\n\t\t\t\t\t\r\n\t\t<div class=\"envo-extra-heading-wrapper envo-extra-simple-heading-wrapper\">\r\n\t\t\t<h3 class=\"envo-extra-heading-title\">ISO 9001: <span class=\"envo-extra-title-focus\">sistem<\/span> vodenja kakovosti<\/h3>\t\t<\/div>\r\n\t\t\t\t\t\t<\/div>\n\t\t\t\t<\/div>\n\t\t\t\t\t<\/div>\n\t\t\t\t<\/div>\n\t\t<div class=\"elementor-element elementor-element-32dc017 e-flex e-con-boxed e-con e-parent\" data-id=\"32dc017\" data-element_type=\"container\">\n\t\t\t\t\t<div class=\"e-con-inner\">\n\t\t\t\t<div class=\"elementor-element elementor-element-281e06b elementor-align-left elementor-tablet-align-left elementor-mobile-align-center elementor-widget elementor-widget-envo-extra-block-quote\" data-id=\"281e06b\" data-element_type=\"widget\" data-widget_type=\"envo-extra-block-quote.default\">\n\t\t\t\t<div class=\"elementor-widget-container\">\n\t\t\t\t\t<div class=\"envo-extra-block-quote-wrapper envo-extra-block-quote-layout-6\">\n\t<div class=\"envo-extra-block-quote-inner\">\n\t\t\n\t\t<div class=\"envo-extra-block-quote-content\">\n\t\t\t\n\t\t\t<div class=\"envo-extra-block-quote-content-wrap\">\n\n\t\t\t\t\t\t\t\t\t<!-- Text -->\n\t\t\t\t\t<p class=\"envo-extra-block-quote-text\"><\/p>\n\t\t\t\t\n\t\t\t\t<div class=\"envo-extra-block-quote-desc\">\n\t\t\t\t\t\t\t\t\t\t\t<!-- Title -->\n\t\t\t\t\t\t<span class=\"envo-extra-block-quote-title\">Obve\u0161\u010damo vas, da so od 21.06.2024 ponovno na voljo VAV\u010cERJI ZA CERTIFIKATE KAKOVOSTI! Mala in srednja podjetja lahko prijavo na poziv hitro in enostavno pridobijo do najve\u010d 60-odstotno sofinanciranje upravi\u010denih stro\u0161kov (med 1.000 in 9.999 EUR) - NEPOVRATNIH SREDSTEV!<\/span>\n\t\t\t\t\t\n\t\t\t\t\t\t\t\t\t\t\t<!-- Designation -->\n\t\t\t\t\t\t<span class=\"envo-extra-block-quote-designation\">ve\u010d informacij pod Razpisi<\/span>\n\t\t\t\t\t\n\t\t\t\t<\/div>\n\t\t\t<\/div>\n\t\t<\/div>\n\t<\/div>\n<\/div>\n\n\t\t\t\t<\/div>\n\t\t\t\t<\/div>\n\t\t\t\t<div class=\"elementor-element elementor-element-06759d8 elementor-widget elementor-widget-heading\" data-id=\"06759d8\" data-element_type=\"widget\" data-widget_type=\"heading.default\">\n\t\t\t\t<div class=\"elementor-widget-container\">\n\t\t\t\t\t<h4 class=\"elementor-heading-title elementor-size-default\">Od sistema zagotavljanja kakovosti k sistemu vodenja kakovosti<\/h4>\t\t\t\t<\/div>\n\t\t\t\t<\/div>\n\t\t\t\t<div class=\"elementor-element elementor-element-b9e9fc9 elementor-widget elementor-widget-text-editor\" data-id=\"b9e9fc9\" data-element_type=\"widget\" data-widget_type=\"text-editor.default\">\n\t\t\t\t<div class=\"elementor-widget-container\">\n\t\t\t\t\t\t\t\t\t<p data-sourcepos=\"9:1-9:218\">ISO 9001 se je v zadnjih desetletjih razvil iz sistema, ki je primarno zagotavljal skladnost izdelkov s specifikacijami, v celosten sistem vodenja kakovosti, osredoto\u010den na zadovoljstvo strank in nenehno izbolj\u0161evanje.<\/p><p data-sourcepos=\"25:1-26:230\">\u00a0<\/p>\t\t\t\t\t\t\t\t<\/div>\n\t\t\t\t<\/div>\n\t\t<div class=\"elementor-element elementor-element-a3d17bf e-grid e-con-full e-con e-child\" data-id=\"a3d17bf\" data-element_type=\"container\">\n\t\t\t\t<div class=\"elementor-element elementor-element-acf309f elementor-widget__width-initial elementor-widget elementor-widget-image\" data-id=\"acf309f\" data-element_type=\"widget\" data-widget_type=\"image.default\">\n\t\t\t\t<div class=\"elementor-widget-container\">\n\t\t\t\t\t\t\t\t\t\t\t\t\t\t\t<img fetchpriority=\"high\" decoding=\"async\" width=\"200\" height=\"300\" src=\"https:\/\/dezman.si\/wp-content\/uploads\/2024\/09\/businessman-shaking-hands-with-client-200x300.jpg\" class=\"attachment-medium size-medium wp-image-1028\" alt=\"\" srcset=\"https:\/\/dezman.si\/wp-content\/uploads\/2024\/09\/businessman-shaking-hands-with-client-200x300.jpg 200w, https:\/\/dezman.si\/wp-content\/uploads\/2024\/09\/businessman-shaking-hands-with-client-683x1024.jpg 683w, https:\/\/dezman.si\/wp-content\/uploads\/2024\/09\/businessman-shaking-hands-with-client-768x1152.jpg 768w, https:\/\/dezman.si\/wp-content\/uploads\/2024\/09\/businessman-shaking-hands-with-client-1024x1536.jpg 1024w, https:\/\/dezman.si\/wp-content\/uploads\/2024\/09\/businessman-shaking-hands-with-client-1365x2048.jpg 1365w, https:\/\/dezman.si\/wp-content\/uploads\/2024\/09\/businessman-shaking-hands-with-client-scaled.jpg 1707w\" sizes=\"(max-width: 200px) 100vw, 200px\" \/>\t\t\t\t\t\t\t\t\t\t\t\t\t\t\t<\/div>\n\t\t\t\t<\/div>\n\t\t\t\t<div class=\"elementor-element elementor-element-e0c217a elementor-widget elementor-widget-text-editor\" data-id=\"e0c217a\" data-element_type=\"widget\" data-widget_type=\"text-editor.default\">\n\t\t\t\t<div class=\"elementor-widget-container\">\n\t\t\t\t\t\t\t\t\t<p><strong>Odjemalec kot osrednja figura<\/strong><\/p><p>Medtem ko je bil v za\u010detkih poudarek na notranjih procesih in kontroli, dana\u0161nji standard postavlja odjemalca v sredi\u0161\u010de. Odjemal\u010deve potrebe in pri\u010dakovanja so vodilo za vse aktivnosti podjetja.<\/p>\t\t\t\t\t\t\t\t<\/div>\n\t\t\t\t<\/div>\n\t\t\t\t<\/div>\n\t\t\t\t<div class=\"elementor-element elementor-element-5224847 elementor-widget elementor-widget-text-editor\" data-id=\"5224847\" data-element_type=\"widget\" data-widget_type=\"text-editor.default\">\n\t\t\t\t<div class=\"elementor-widget-container\">\n\t\t\t\t\t\t\t\t\t<p><strong>\u0160ir\u0161i pogled na kakovost<\/strong><\/p><p>Sodobni pristop k ISO 9001 presega zgolj kakovost izdelkov. Vklju\u010duje upravljanje vseh relevantnih procesov, od na\u010drtovanja do izdelave in prodaje, ter upo\u0161tevanje vseh zainteresiranih strani, kot so zaposleni, dobavitelji in lokalna skupnost.<\/p>\t\t\t\t\t\t\t\t<\/div>\n\t\t\t\t<\/div>\n\t\t\t\t\t<\/div>\n\t\t\t\t<\/div>\n\t\t<div class=\"elementor-element elementor-element-7e28a27 e-grid e-con-boxed e-con e-parent\" data-id=\"7e28a27\" data-element_type=\"container\">\n\t\t\t\t\t<div class=\"e-con-inner\">\n\t\t\t\t<div class=\"elementor-element elementor-element-8bf622d elementor-widget elementor-widget-text-editor\" data-id=\"8bf622d\" data-element_type=\"widget\" data-widget_type=\"text-editor.default\">\n\t\t\t\t<div class=\"elementor-widget-container\">\n\t\t\t\t\t\t\t\t\t<p><strong>PDCA cikel kot temelj<\/strong>\u00a0<\/p><p>Vse aktivnosti v okviru ISO 9001 temeljijo na na\u010delu nenehnega izbolj\u0161evanja, ki se izvaja prek PDCA cikla (Plan-Do-Check-Act) &#8211; po na\u0161e <strong>na\u010drtuj, izvajaj, preverjaj in ukrepaj<\/strong>.<\/p>\t\t\t\t\t\t\t\t<\/div>\n\t\t\t\t<\/div>\n\t\t\t\t<div class=\"elementor-element elementor-element-47dd21b elementor-widget elementor-widget-image\" data-id=\"47dd21b\" data-element_type=\"widget\" data-widget_type=\"image.default\">\n\t\t\t\t<div class=\"elementor-widget-container\">\n\t\t\t\t\t\t\t\t\t\t\t\t\t\t\t<img decoding=\"async\" width=\"1024\" height=\"293\" src=\"https:\/\/dezman.si\/wp-content\/uploads\/2024\/09\/pdca-kopija-1024x293.jpg\" class=\"attachment-large size-large wp-image-1007\" alt=\"\" srcset=\"https:\/\/dezman.si\/wp-content\/uploads\/2024\/09\/pdca-kopija-1024x293.jpg 1024w, https:\/\/dezman.si\/wp-content\/uploads\/2024\/09\/pdca-kopija-300x86.jpg 300w, https:\/\/dezman.si\/wp-content\/uploads\/2024\/09\/pdca-kopija-768x219.jpg 768w, https:\/\/dezman.si\/wp-content\/uploads\/2024\/09\/pdca-kopija-1536x439.jpg 1536w, https:\/\/dezman.si\/wp-content\/uploads\/2024\/09\/pdca-kopija-2048x585.jpg 2048w\" sizes=\"(max-width: 1024px) 100vw, 1024px\" \/>\t\t\t\t\t\t\t\t\t\t\t\t\t\t\t<\/div>\n\t\t\t\t<\/div>\n\t\t\t\t\t<\/div>\n\t\t\t\t<\/div>\n\t\t<div class=\"elementor-element elementor-element-5ad3104 e-flex e-con-boxed e-con e-parent\" data-id=\"5ad3104\" data-element_type=\"container\">\n\t\t\t\t\t<div class=\"e-con-inner\">\n\t\t\t\t<div class=\"elementor-element elementor-element-e87c471 elementor-widget elementor-widget-text-editor\" data-id=\"e87c471\" data-element_type=\"widget\" data-widget_type=\"text-editor.default\">\n\t\t\t\t<div class=\"elementor-widget-container\">\n\t\t\t\t\t\t\t\t\t<p data-sourcepos=\"17:1-17:20\"><strong>Klju\u010dni koncepti<\/strong><\/p><ul data-sourcepos=\"18:1-21:0\"><li data-sourcepos=\"18:1-18:64\"><strong>U\u010dinkovitost:<\/strong> Optimalna uporaba virov za doseganje ciljev.<\/li><li data-sourcepos=\"19:1-19:70\"><strong>Uspe\u0161nost:<\/strong> Stopnja doseganja ciljev, zlasti zadovoljstvo strank.<\/li><li data-sourcepos=\"20:1-21:0\"><strong>Zainteresirane stranke:<\/strong> Vse osebe ali skupine, ki vplivajo na organizacijo ali so od nje vplivane.<\/li><\/ul><p data-sourcepos=\"25:1-26:230\">\u00a0<\/p>\t\t\t\t\t\t\t\t<\/div>\n\t\t\t\t<\/div>\n\t\t\t\t<div class=\"elementor-element elementor-element-67c0de6 elementor-widget elementor-widget-text-editor\" data-id=\"67c0de6\" data-element_type=\"widget\" data-widget_type=\"text-editor.default\">\n\t\t\t\t<div class=\"elementor-widget-container\">\n\t\t\t\t\t\t\t\t\t<p><strong>Zaklju\u010dek<\/strong><\/p><p>ISO 9001 ponuja organizacijam strukturiran pristop k upravljanju kakovosti, ki jim omogo\u010da, da postanejo bolj u\u010dinkovite, uspe\u0161ne in konkuren\u010dne. Sredoto\u010denost na odjemalca in nenehno izbolj\u0161evanje sta klju\u010dna za dolgoro\u010dni uspeh.<\/p>\t\t\t\t\t\t\t\t<\/div>\n\t\t\t\t<\/div>\n\t\t\t\t\t<\/div>\n\t\t\t\t<\/div>\n\t\t\t\t<section class=\"elementor-section elementor-top-section elementor-element elementor-element-d2803b9 elementor-section-height-min-height elementor-section-boxed elementor-section-height-default elementor-section-items-middle\" data-id=\"d2803b9\" data-element_type=\"section\" data-settings=\"{&quot;background_background&quot;:&quot;classic&quot;}\">\n\t\t\t\t\t\t\t<div class=\"elementor-background-overlay\"><\/div>\n\t\t\t\t\t\t\t<div class=\"elementor-container elementor-column-gap-default\">\n\t\t\t\t\t<div class=\"elementor-column elementor-col-100 elementor-top-column elementor-element elementor-element-a342bcf\" data-id=\"a342bcf\" data-element_type=\"column\">\n\t\t\t<div class=\"elementor-widget-wrap elementor-element-populated\">\n\t\t\t\t\t\t<section class=\"elementor-section elementor-inner-section elementor-element elementor-element-c156236 elementor-section-boxed elementor-section-height-default elementor-section-height-default\" data-id=\"c156236\" data-element_type=\"section\">\n\t\t\t\t\t\t<div class=\"elementor-container elementor-column-gap-no\">\n\t\t\t\t\t<div class=\"elementor-column elementor-col-25 elementor-inner-column elementor-element elementor-element-68d8d21\" data-id=\"68d8d21\" data-element_type=\"column\">\n\t\t\t<div class=\"elementor-widget-wrap elementor-element-populated\">\n\t\t\t\t\t\t<div class=\"elementor-element elementor-element-5ae9f5e elementor-widget elementor-widget-text-editor\" data-id=\"5ae9f5e\" data-element_type=\"widget\" data-widget_type=\"text-editor.default\">\n\t\t\t\t<div class=\"elementor-widget-container\">\n\t\t\t\t\t\t\t\t\t<p>Na podagi bogatih in dolgoletnih izku\u0161enj v gradbeni\u0161tvu in preko tega tudi z javnimi naro\u010dili ter razli\u010dnimi standardi vam lahko hitro, kvalitetno in ugodno pomagamo.<\/p>\t\t\t\t\t\t\t\t<\/div>\n\t\t\t\t<\/div>\n\t\t\t\t\t<\/div>\n\t\t<\/div>\n\t\t\t\t<div class=\"elementor-column elementor-col-25 elementor-inner-column elementor-element elementor-element-c6a993e\" data-id=\"c6a993e\" data-element_type=\"column\">\n\t\t\t<div class=\"elementor-widget-wrap elementor-element-populated\">\n\t\t\t\t\t\t<div class=\"elementor-element elementor-element-c86d20a elementor-widget elementor-widget-heading\" data-id=\"c86d20a\" data-element_type=\"widget\" data-widget_type=\"heading.default\">\n\t\t\t\t<div class=\"elementor-widget-container\">\n\t\t\t\t\t<h5 class=\"elementor-heading-title elementor-size-default\">Hitri skok<\/h5>\t\t\t\t<\/div>\n\t\t\t\t<\/div>\n\t\t\t\t<div class=\"elementor-element elementor-element-f8b9b1e elementor-icon-list--layout-traditional elementor-list-item-link-full_width elementor-widget elementor-widget-icon-list\" data-id=\"f8b9b1e\" data-element_type=\"widget\" data-widget_type=\"icon-list.default\">\n\t\t\t\t<div class=\"elementor-widget-container\">\n\t\t\t\t\t\t\t<ul class=\"elementor-icon-list-items\">\n\t\t\t\t\t\t\t<li class=\"elementor-icon-list-item\">\n\t\t\t\t\t\t\t\t\t\t\t<a href=\"#\">\n\n\t\t\t\t\t\t\t\t\t\t\t\t<span class=\"elementor-icon-list-icon\">\n\t\t\t\t\t\t\t<svg aria-hidden=\"true\" class=\"e-font-icon-svg e-fas-plus\" viewBox=\"0 0 448 512\" xmlns=\"http:\/\/www.w3.org\/2000\/svg\"><path d=\"M416 208H272V64c0-17.67-14.33-32-32-32h-32c-17.67 0-32 14.33-32 32v144H32c-17.67 0-32 14.33-32 32v32c0 17.67 14.33 32 32 32h144v144c0 17.67 14.33 32 32 32h32c17.67 0 32-14.33 32-32V304h144c17.67 0 32-14.33 32-32v-32c0-17.67-14.33-32-32-32z\"><\/path><\/svg>\t\t\t\t\t\t<\/span>\n\t\t\t\t\t\t\t\t\t\t<span class=\"elementor-icon-list-text\">O nas<\/span>\n\t\t\t\t\t\t\t\t\t\t\t<\/a>\n\t\t\t\t\t\t\t\t\t<\/li>\n\t\t\t\t\t\t\t\t<li class=\"elementor-icon-list-item\">\n\t\t\t\t\t\t\t\t\t\t\t<a href=\"#pricing\">\n\n\t\t\t\t\t\t\t\t\t\t\t\t<span class=\"elementor-icon-list-icon\">\n\t\t\t\t\t\t\t<svg aria-hidden=\"true\" class=\"e-font-icon-svg e-fas-plus\" viewBox=\"0 0 448 512\" xmlns=\"http:\/\/www.w3.org\/2000\/svg\"><path d=\"M416 208H272V64c0-17.67-14.33-32-32-32h-32c-17.67 0-32 14.33-32 32v144H32c-17.67 0-32 14.33-32 32v32c0 17.67 14.33 32 32 32h144v144c0 17.67 14.33 32 32 32h32c17.67 0 32-14.33 32-32V304h144c17.67 0 32-14.33 32-32v-32c0-17.67-14.33-32-32-32z\"><\/path><\/svg>\t\t\t\t\t\t<\/span>\n\t\t\t\t\t\t\t\t\t\t<span class=\"elementor-icon-list-text\">Storitve<\/span>\n\t\t\t\t\t\t\t\t\t\t\t<\/a>\n\t\t\t\t\t\t\t\t\t<\/li>\n\t\t\t\t\t\t\t\t<li class=\"elementor-icon-list-item\">\n\t\t\t\t\t\t\t\t\t\t\t<a href=\"#standardi\">\n\n\t\t\t\t\t\t\t\t\t\t\t\t<span class=\"elementor-icon-list-icon\">\n\t\t\t\t\t\t\t<svg aria-hidden=\"true\" class=\"e-font-icon-svg e-fas-plus\" viewBox=\"0 0 448 512\" xmlns=\"http:\/\/www.w3.org\/2000\/svg\"><path d=\"M416 208H272V64c0-17.67-14.33-32-32-32h-32c-17.67 0-32 14.33-32 32v144H32c-17.67 0-32 14.33-32 32v32c0 17.67 14.33 32 32 32h144v144c0 17.67 14.33 32 32 32h32c17.67 0 32-14.33 32-32V304h144c17.67 0 32-14.33 32-32v-32c0-17.67-14.33-32-32-32z\"><\/path><\/svg>\t\t\t\t\t\t<\/span>\n\t\t\t\t\t\t\t\t\t\t<span class=\"elementor-icon-list-text\">Standardi<\/span>\n\t\t\t\t\t\t\t\t\t\t\t<\/a>\n\t\t\t\t\t\t\t\t\t<\/li>\n\t\t\t\t\t\t\t\t<li class=\"elementor-icon-list-item\">\n\t\t\t\t\t\t\t\t\t\t\t<a href=\"#contact\">\n\n\t\t\t\t\t\t\t\t\t\t\t\t<span class=\"elementor-icon-list-icon\">\n\t\t\t\t\t\t\t<svg aria-hidden=\"true\" class=\"e-font-icon-svg e-fas-plus\" viewBox=\"0 0 448 512\" xmlns=\"http:\/\/www.w3.org\/2000\/svg\"><path d=\"M416 208H272V64c0-17.67-14.33-32-32-32h-32c-17.67 0-32 14.33-32 32v144H32c-17.67 0-32 14.33-32 32v32c0 17.67 14.33 32 32 32h144v144c0 17.67 14.33 32 32 32h32c17.67 0 32-14.33 32-32V304h144c17.67 0 32-14.33 32-32v-32c0-17.67-14.33-32-32-32z\"><\/path><\/svg>\t\t\t\t\t\t<\/span>\n\t\t\t\t\t\t\t\t\t\t<span class=\"elementor-icon-list-text\">Stopite v stik<\/span>\n\t\t\t\t\t\t\t\t\t\t\t<\/a>\n\t\t\t\t\t\t\t\t\t<\/li>\n\t\t\t\t\t\t<\/ul>\n\t\t\t\t\t\t<\/div>\n\t\t\t\t<\/div>\n\t\t\t\t\t<\/div>\n\t\t<\/div>\n\t\t\t\t<div class=\"elementor-column elementor-col-25 elementor-inner-column elementor-element elementor-element-1ac4765\" data-id=\"1ac4765\" data-element_type=\"column\">\n\t\t\t<div class=\"elementor-widget-wrap elementor-element-populated\">\n\t\t\t\t\t\t<div class=\"elementor-element elementor-element-8dcfe2d elementor-widget elementor-widget-heading\" data-id=\"8dcfe2d\" data-element_type=\"widget\" data-widget_type=\"heading.default\">\n\t\t\t\t<div class=\"elementor-widget-container\">\n\t\t\t\t\t<h5 class=\"elementor-heading-title elementor-size-default\">Zakonska obveza<\/h5>\t\t\t\t<\/div>\n\t\t\t\t<\/div>\n\t\t\t\t<div class=\"elementor-element elementor-element-1aa9031 elementor-icon-list--layout-traditional elementor-list-item-link-full_width elementor-widget elementor-widget-icon-list\" data-id=\"1aa9031\" data-element_type=\"widget\" data-widget_type=\"icon-list.default\">\n\t\t\t\t<div class=\"elementor-widget-container\">\n\t\t\t\t\t\t\t<ul class=\"elementor-icon-list-items\">\n\t\t\t\t\t\t\t<li class=\"elementor-icon-list-item\">\n\t\t\t\t\t\t\t\t\t\t\t<a href=\"#\">\n\n\t\t\t\t\t\t\t\t\t\t\t\t<span class=\"elementor-icon-list-icon\">\n\t\t\t\t\t\t\t<svg aria-hidden=\"true\" class=\"e-font-icon-svg e-fas-plus\" viewBox=\"0 0 448 512\" xmlns=\"http:\/\/www.w3.org\/2000\/svg\"><path d=\"M416 208H272V64c0-17.67-14.33-32-32-32h-32c-17.67 0-32 14.33-32 32v144H32c-17.67 0-32 14.33-32 32v32c0 17.67 14.33 32 32 32h144v144c0 17.67 14.33 32 32 32h32c17.67 0 32-14.33 32-32V304h144c17.67 0 32-14.33 32-32v-32c0-17.67-14.33-32-32-32z\"><\/path><\/svg>\t\t\t\t\t\t<\/span>\n\t\t\t\t\t\t\t\t\t\t<span class=\"elementor-icon-list-text\">Privacy Policy<\/span>\n\t\t\t\t\t\t\t\t\t\t\t<\/a>\n\t\t\t\t\t\t\t\t\t<\/li>\n\t\t\t\t\t\t\t\t<li class=\"elementor-icon-list-item\">\n\t\t\t\t\t\t\t\t\t\t\t<a href=\"#\">\n\n\t\t\t\t\t\t\t\t\t\t\t\t<span class=\"elementor-icon-list-icon\">\n\t\t\t\t\t\t\t<svg aria-hidden=\"true\" class=\"e-font-icon-svg e-fas-plus\" viewBox=\"0 0 448 512\" xmlns=\"http:\/\/www.w3.org\/2000\/svg\"><path d=\"M416 208H272V64c0-17.67-14.33-32-32-32h-32c-17.67 0-32 14.33-32 32v144H32c-17.67 0-32 14.33-32 32v32c0 17.67 14.33 32 32 32h144v144c0 17.67 14.33 32 32 32h32c17.67 0 32-14.33 32-32V304h144c17.67 0 32-14.33 32-32v-32c0-17.67-14.33-32-32-32z\"><\/path><\/svg>\t\t\t\t\t\t<\/span>\n\t\t\t\t\t\t\t\t\t\t<span class=\"elementor-icon-list-text\">Term Of Service<\/span>\n\t\t\t\t\t\t\t\t\t\t\t<\/a>\n\t\t\t\t\t\t\t\t\t<\/li>\n\t\t\t\t\t\t\t\t<li class=\"elementor-icon-list-item\">\n\t\t\t\t\t\t\t\t\t\t\t<a href=\"#\">\n\n\t\t\t\t\t\t\t\t\t\t\t\t<span class=\"elementor-icon-list-icon\">\n\t\t\t\t\t\t\t<svg aria-hidden=\"true\" class=\"e-font-icon-svg e-fas-plus\" viewBox=\"0 0 448 512\" xmlns=\"http:\/\/www.w3.org\/2000\/svg\"><path d=\"M416 208H272V64c0-17.67-14.33-32-32-32h-32c-17.67 0-32 14.33-32 32v144H32c-17.67 0-32 14.33-32 32v32c0 17.67 14.33 32 32 32h144v144c0 17.67 14.33 32 32 32h32c17.67 0 32-14.33 32-32V304h144c17.67 0 32-14.33 32-32v-32c0-17.67-14.33-32-32-32z\"><\/path><\/svg>\t\t\t\t\t\t<\/span>\n\t\t\t\t\t\t\t\t\t\t<span class=\"elementor-icon-list-text\">Disclaimer<\/span>\n\t\t\t\t\t\t\t\t\t\t\t<\/a>\n\t\t\t\t\t\t\t\t\t<\/li>\n\t\t\t\t\t\t\t\t<li class=\"elementor-icon-list-item\">\n\t\t\t\t\t\t\t\t\t\t\t<a href=\"#\">\n\n\t\t\t\t\t\t\t\t\t\t\t\t<span class=\"elementor-icon-list-icon\">\n\t\t\t\t\t\t\t<svg aria-hidden=\"true\" class=\"e-font-icon-svg e-fas-plus\" viewBox=\"0 0 448 512\" xmlns=\"http:\/\/www.w3.org\/2000\/svg\"><path d=\"M416 208H272V64c0-17.67-14.33-32-32-32h-32c-17.67 0-32 14.33-32 32v144H32c-17.67 0-32 14.33-32 32v32c0 17.67 14.33 32 32 32h144v144c0 17.67 14.33 32 32 32h32c17.67 0 32-14.33 32-32V304h144c17.67 0 32-14.33 32-32v-32c0-17.67-14.33-32-32-32z\"><\/path><\/svg>\t\t\t\t\t\t<\/span>\n\t\t\t\t\t\t\t\t\t\t<span class=\"elementor-icon-list-text\"><l><b>design byJest<b><\/l><\/span>\n\t\t\t\t\t\t\t\t\t\t\t<\/a>\n\t\t\t\t\t\t\t\t\t<\/li>\n\t\t\t\t\t\t<\/ul>\n\t\t\t\t\t\t<\/div>\n\t\t\t\t<\/div>\n\t\t\t\t\t<\/div>\n\t\t<\/div>\n\t\t\t\t<div class=\"elementor-column elementor-col-25 elementor-inner-column elementor-element elementor-element-91541e0\" data-id=\"91541e0\" data-element_type=\"column\">\n\t\t\t<div class=\"elementor-widget-wrap elementor-element-populated\">\n\t\t\t\t\t\t<div class=\"elementor-element elementor-element-91c6312 e-grid-align-left e-grid-align-tablet-center elementor-shape-rounded elementor-grid-0 elementor-widget elementor-widget-social-icons\" data-id=\"91c6312\" data-element_type=\"widget\" data-widget_type=\"social-icons.default\">\n\t\t\t\t<div class=\"elementor-widget-container\">\n\t\t\t\t\t\t\t<div class=\"elementor-social-icons-wrapper elementor-grid\">\n\t\t\t\t\t\t\t<span class=\"elementor-grid-item\">\n\t\t\t\t\t<a class=\"elementor-icon elementor-social-icon elementor-social-icon-linkedin elementor-repeater-item-c6b95d2\" href=\"http:\/\/nkedin.com\/company\/de\u017eman-d-o-o-strahinj\" target=\"_blank\">\n\t\t\t\t\t\t<span class=\"elementor-screen-only\">Linkedin<\/span>\n\t\t\t\t\t\t<svg class=\"e-font-icon-svg e-fab-linkedin\" viewBox=\"0 0 448 512\" xmlns=\"http:\/\/www.w3.org\/2000\/svg\"><path d=\"M416 32H31.9C14.3 32 0 46.5 0 64.3v383.4C0 465.5 14.3 480 31.9 480H416c17.6 0 32-14.5 32-32.3V64.3c0-17.8-14.4-32.3-32-32.3zM135.4 416H69V202.2h66.5V416zm-33.2-243c-21.3 0-38.5-17.3-38.5-38.5S80.9 96 102.2 96c21.2 0 38.5 17.3 38.5 38.5 0 21.3-17.2 38.5-38.5 38.5zm282.1 243h-66.4V312c0-24.8-.5-56.7-34.5-56.7-34.6 0-39.9 27-39.9 54.9V416h-66.4V202.2h63.7v29.2h.9c8.9-16.8 30.6-34.5 62.9-34.5 67.2 0 79.7 44.3 79.7 101.9V416z\"><\/path><\/svg>\t\t\t\t\t<\/a>\n\t\t\t\t<\/span>\n\t\t\t\t\t<\/div>\n\t\t\t\t\t\t<\/div>\n\t\t\t\t<\/div>\n\t\t\t\t\t<\/div>\n\t\t<\/div>\n\t\t\t\t\t<\/div>\n\t\t<\/section>\n\t\t\t\t<div class=\"elementor-element elementor-element-5aaedab elementor-widget-divider--view-line elementor-widget elementor-widget-divider\" data-id=\"5aaedab\" data-element_type=\"widget\" data-widget_type=\"divider.default\">\n\t\t\t\t<div class=\"elementor-widget-container\">\n\t\t\t\t\t\t\t<div class=\"elementor-divider\">\n\t\t\t<span class=\"elementor-divider-separator\">\n\t\t\t\t\t\t<\/span>\n\t\t<\/div>\n\t\t\t\t\t\t<\/div>\n\t\t\t\t<\/div>\n\t\t\t\t\t<\/div>\n\t\t<\/div>\n\t\t\t\t\t<\/div>\n\t\t<\/section>\n\t\t\t\t<\/div>\n\t\t","protected":false},"excerpt":{"rendered":"<p>ISO 9001: sistem vodenja kakovosti Obve\u0161\u010damo vas, da so od 21.06.2024 ponovno na voljo VAV\u010cERJI ZA CERTIFIKATE KAKOVOSTI! Mala in srednja podjetja lahko prijavo na poziv hitro in enostavno pridobijo do najve\u010d 60-odstotno sofinanciranje upravi\u010denih stro\u0161kov (med 1.000 in 9.999 EUR) &#8211; NEPOVRATNIH SREDSTEV! ve\u010d informacij pod Razpisi Od sistema zagotavljanja kakovosti k sistemu vodenja kakovosti ISO 9001 se je v zadnjih desetletjih razvil iz sistema, ki je primarno zagotavljal skladnost izdelkov s specifikacijami, v celosten sistem vodenja kakovosti, osredoto\u010den na zadovoljstvo strank in nenehno izbolj\u0161evanje. \u00a0 Odjemalec kot osrednja figura Medtem ko je bil v za\u010detkih poudarek na notranjih procesih in kontroli, dana\u0161nji standard postavlja odjemalca v sredi\u0161\u010de. Odjemal\u010deve potrebe in pri\u010dakovanja so vodilo za vse aktivnosti&hellip;<\/p>\n","protected":false},"author":1,"featured_media":0,"parent":0,"menu_order":0,"comment_status":"closed","ping_status":"closed","template":"template-parts\/template-page-builders.php","meta":{"footnotes":""},"class_list":["post-1002","page","type-page","status-publish","hentry"],"_links":{"self":[{"href":"https:\/\/dezman.si\/index.php?rest_route=\/wp\/v2\/pages\/1002","targetHints":{"allow":["GET"]}}],"collection":[{"href":"https:\/\/dezman.si\/index.php?rest_route=\/wp\/v2\/pages"}],"about":[{"href":"https:\/\/dezman.si\/index.php?rest_route=\/wp\/v2\/types\/page"}],"author":[{"embeddable":true,"href":"https:\/\/dezman.si\/index.php?rest_route=\/wp\/v2\/users\/1"}],"replies":[{"embeddable":true,"href":"https:\/\/dezman.si\/index.php?rest_route=%2Fwp%2Fv2%2Fcomments&post=1002"}],"version-history":[{"count":31,"href":"https:\/\/dezman.si\/index.php?rest_route=\/wp\/v2\/pages\/1002\/revisions"}],"predecessor-version":[{"id":1063,"href":"https:\/\/dezman.si\/index.php?rest_route=\/wp\/v2\/pages\/1002\/revisions\/1063"}],"wp:attachment":[{"href":"https:\/\/dezman.si\/index.php?rest_route=%2Fwp%2Fv2%2Fmedia&parent=1002"}],"curies":[{"name":"wp","href":"https:\/\/api.w.org\/{rel}","templated":true}]}}